{"id":312,"date":"2024-04-16T11:15:51","date_gmt":"2024-04-16T09:15:51","guid":{"rendered":"https:\/\/www.smartagents-healthcare.fr\/?page_id=312"},"modified":"2025-04-22T18:20:21","modified_gmt":"2025-04-22T16:20:21","slug":"legal-notices","status":"publish","type":"page","link":"https:\/\/www.smartagents-healthcare.fr\/en\/mentions-legales\/","title":{"rendered":"Legal notices"},"content":{"rendered":"<p class=\"has-theme-palette-2-color has-text-color has-link-color wp-elements-eabac1ef37d28d322ced43d534f8d69d\">Updated on&nbsp;<em><strong>19\/04\/\/2024<\/strong><\/em><\/p>\n\n\n\n<p class=\"has-theme-palette-2-color has-text-color has-link-color wp-elements-d025c3f127f9f1f3e3e9b91210c10042\">In accordance with the provisions of Articles 6-III and 19 of Law No. 2004-575 of June 21, 2004 for Confidence in the Digital Economy, known as LCEN, Users of the site are informed of the following:\u00a0<strong><em>www.smartagents-healthcare.fr<\/em><\/strong><em><strong>\u00a0<\/strong><\/em>these legal notices.<\/p>\n\n\n\n<p class=\"has-theme-palette-2-color has-text-color has-link-color wp-elements-13bfbc47936fdf1c8d5464da62a65b82\">By connecting to and browsing the smartagents-healthcare website, the User implies full and unreserved acceptance of these legal notices.<\/p>\n\n\n\n<p class=\"has-theme-palette-2-color has-text-color has-link-color wp-elements-4af7db0729f7d1eacda927914a9b2403\">These are accessible on the site under the \u201cLegal Notices\u201d section.<\/p>\n\n\n\n<h2 class=\"wp-block-heading has-theme-palette-1-color has-text-color has-link-color wp-elements-0b7f4aa29044fb97819b7fbc5db86f25\">ARTICLE 1: The publisher<\/h2>\n\n\n\n<p class=\"has-theme-palette-2-color has-text-color has-link-color wp-elements-0a48f71db3cdff6243e3fdb69a629ff2\">Editing the site\u00a0<strong><em>www.smartagents-healthcare.fr<\/em><\/strong><em><strong>\u00a0<\/strong><\/em>is provided by the Company<em><strong>\u00a0SMART AGENTS FRANCE<\/strong><\/em>, whose head office is located at<em><strong>\u00a0<\/strong><\/em><strong><em>34 Boulevard des Italiens, 75009 Paris, FRANCE<\/em><\/strong>, e-mail address :\u00a0<a href=\"mailto:jonathan.taieb@smart-agents.fr\" target=\"_blank\" rel=\"noreferrer noopener\"><strong><em>jonathan.taieb@smart-agents.fr<\/em><\/strong><\/a><\/p>\n\n\n\n<p class=\"has-theme-palette-2-color has-text-color has-link-color wp-elements-262c33b2672b4eb214c1eb053c6b528f\">The Director of Publication is&nbsp;<em><strong>Oussama Echarif Chefchaouni.<\/strong><\/em><\/p>\n\n\n\n<h2 class=\"wp-block-heading has-theme-palette-1-color has-text-color has-link-color wp-elements-520422484ace932bbdc219df926aa786\">ARTICLE 2: The host<\/h2>\n\n\n\n<p class=\"has-theme-palette-2-color has-text-color has-link-color wp-elements-6c38893bb36e8139e7c3f1bf7f250484\">The site host\u00a0<strong><em>www.smartagents-healthcare.fr<\/em><\/strong><em><strong>\u00a0<\/strong><\/em>is the Company\u00a0<em><strong>OVH SAS,\u00a0<\/strong><\/em>whose head office is located in Roubaix.<\/p>\n\n\n\n<h2 class=\"wp-block-heading has-theme-palette-1-color has-text-color has-link-color wp-elements-5d0e7c2991f99edccbbec78e4b911b6a\">ARTICLE 3: Access to the site<\/h2>\n\n\n\n<p class=\"has-theme-palette-2-color has-text-color has-link-color wp-elements-0df16c17078c5f17986600f80166ad6d\">The site is accessible from any location, 7 days a week, 24 hours a day, except in cases of force majeure, scheduled or unscheduled interruptions and which may result from a need for maintenance.<\/p>\n\n\n\n<p class=\"has-theme-palette-2-color has-text-color has-link-color wp-elements-2d459fcaa1d5f943053c1895013aacb0\">In the event of modification, interruption or suspension of the services, the site\u00a0<strong><em>www.smartagents-healthcare.fr<\/em><\/strong><em><strong>\u00a0<\/strong><\/em>cannot be held responsible.<\/p>\n\n\n\n<h2 class=\"wp-block-heading has-theme-palette-1-color has-text-color has-link-color wp-elements-6c2b6c1bab74e5ed7a2e48d7694a0ce2\">ARTICLE 4: Data collection<\/h2>\n\n\n\n<p class=\"has-theme-palette-2-color has-text-color has-link-color wp-elements-ad16237b3b9f5a9ecdc5f7bdc2f45ae7\">The site ensures the User collects and processes personal information in compliance with privacy in accordance with Law No. 78-17 of January 6, 1978 relating to information technology, files and freedoms. Under the Data Protection Act of January 6, 1978, the User has the right to access, rectify, delete and oppose their personal data.<\/p>\n\n\n\n<h2 class=\"wp-block-heading has-theme-palette-1-color has-text-color has-link-color wp-elements-84930b1e7e63f5d7d129307005f27614\">ARTICLE 5: Cookies<\/h2>\n\n\n\n<p class=\"has-theme-palette-2-color has-text-color has-link-color wp-elements-6b83c67c19216d1616f3bb7b3a33a531\">The User is informed that during his visits to the site, a cookie may be automatically installed on his browser software.<\/p>\n\n\n\n<p class=\"has-theme-palette-2-color has-text-color has-link-color wp-elements-730b8bfefe1623049ca2f0fba92f8b98\">By browsing the site, you accept them.<\/p>\n\n\n\n<p class=\"has-theme-palette-2-color has-text-color has-link-color wp-elements-0c6e849e8e6da38dfb3535ea813c545e\">A cookie is an element that does not allow the User to be identified but is used to record information relating to the User&#039;s navigation on the website. The User may deactivate this cookie via the settings in their browser software.<\/p>\n\n\n\n<h2 class=\"wp-block-heading has-theme-palette-1-color has-text-color has-link-color wp-elements-78127e6088e4b3d74aa86952e49c8912\">ARTICLE 6: Intellectual property<\/h2>\n\n\n\n<p class=\"has-theme-palette-2-color has-text-color has-link-color wp-elements-7b648f5f32f527317e274f821396a173\">Any use, reproduction, distribution, marketing, modification of all or part of the site\u00a0<strong><em>www.smartagents-healthcare.fr<\/em><\/strong><em><strong>\u00a0<\/strong><\/em>without the Publisher&#039;s authorization is prohibited and may result in legal action and prosecution as provided for in the Intellectual Property Code and the Civil Code.<\/p>","protected":false},"excerpt":{"rendered":"<p>Mise \u00e0 jour au&nbsp;19\/04\/\/2024 Conform\u00e9ment aux dispositions des Articles 6-III et 19 de la Loi n\u00b02004-575 du 21 juin 2004 pour la Confiance dans l\u2019\u00e9conomie num\u00e9rique, dite L.C.E.N., il est port\u00e9 \u00e0 la connaissance des Utilisateurs du site\u00a0www.smartagents-healthcare.fr\u00a0les pr\u00e9sentes mentions l\u00e9gales. La connexion et la navigation sur le site smartagents-healthcare l\u2019Utilisateur implique l\u2019acceptation int\u00e9grale et&#8230;<\/p>","protected":false},"author":1,"featured_media":0,"parent":0,"menu_order":0,"comment_status":"closed","ping_status":"closed","template":"","meta":{"_kad_blocks_custom_css":"","_kad_blocks_head_custom_js":"","_kad_blocks_body_custom_js":"","_kad_blocks_footer_custom_js":"","_monsterinsights_skip_tracking":false,"_monsterinsights_sitenote_active":false,"_monsterinsights_sitenote_note":"","_monsterinsights_sitenote_category":0,"_kadence_starter_templates_imported_post":false,"_kad_post_transparent":"","_kad_post_title":"","_kad_post_layout":"normal","_kad_post_sidebar_id":"","_kad_post_content_style":"boxed","_kad_post_vertical_padding":"hide","_kad_post_feature":"","_kad_post_feature_position":"","_kad_post_header":false,"_kad_post_footer":false,"_kad_post_classname":"","footnotes":""},"class_list":["post-312","page","type-page","status-publish","hentry"],"yoast_head":"<!-- This site is optimized with the Yoast SEO plugin v27.4 - https:\/\/yoast.com\/product\/yoast-seo-wordpress\/ -->\n<title>Mentions l\u00e9gales<\/title>\n<meta name=\"robots\" content=\"index, follow, max-snippet:-1, max-image-preview:large, max-video-preview:-1\" \/>\n<link rel=\"canonical\" href=\"https:\/\/www.smartagents-healthcare.fr\/en\/legal-notices\/\" \/>\n<meta property=\"og:locale\" content=\"en_US\" \/>\n<meta property=\"og:type\" content=\"article\" \/>\n<meta property=\"og:title\" content=\"Mentions l\u00e9gales\" \/>\n<meta property=\"og:description\" content=\"Mise \u00e0 jour au&nbsp;19\/04\/\/2024 Conform\u00e9ment aux dispositions des Articles 6-III et 19 de la Loi n\u00b02004-575 du 21 juin 2004 pour la Confiance dans l\u2019\u00e9conomie num\u00e9rique, dite L.C.E.N., il est port\u00e9 \u00e0 la connaissance des Utilisateurs du site\u00a0www.smartagents-healthcare.fr\u00a0les pr\u00e9sentes mentions l\u00e9gales. La connexion et la navigation sur le site smartagents-healthcare l\u2019Utilisateur implique l\u2019acceptation int\u00e9grale et...\" \/>\n<meta property=\"og:url\" content=\"https:\/\/www.smartagents-healthcare.fr\/en\/legal-notices\/\" \/>\n<meta property=\"article:modified_time\" content=\"2025-04-22T16:20:21+00:00\" \/>\n<meta name=\"twitter:card\" content=\"summary_large_image\" \/>\n<meta name=\"twitter:label1\" content=\"Est. reading time\" \/>\n\t<meta name=\"twitter:data1\" content=\"2 minutes\" \/>\n<script type=\"application\/ld+json\" class=\"yoast-schema-graph\">{\"@context\":\"https:\\\/\\\/schema.org\",\"@graph\":[{\"@type\":\"WebPage\",\"@id\":\"https:\\\/\\\/www.smartagents-healthcare.fr\\\/mentions-legales\\\/\",\"url\":\"https:\\\/\\\/www.smartagents-healthcare.fr\\\/mentions-legales\\\/\",\"name\":\"Mentions l\u00e9gales\",\"isPartOf\":{\"@id\":\"https:\\\/\\\/www.smartagents-healthcare.fr\\\/#website\"},\"datePublished\":\"2024-04-16T09:15:51+00:00\",\"dateModified\":\"2025-04-22T16:20:21+00:00\",\"breadcrumb\":{\"@id\":\"https:\\\/\\\/www.smartagents-healthcare.fr\\\/mentions-legales\\\/#breadcrumb\"},\"inLanguage\":\"en-US\",\"potentialAction\":[{\"@type\":\"ReadAction\",\"target\":[\"https:\\\/\\\/www.smartagents-healthcare.fr\\\/mentions-legales\\\/\"]}]},{\"@type\":\"BreadcrumbList\",\"@id\":\"https:\\\/\\\/www.smartagents-healthcare.fr\\\/mentions-legales\\\/#breadcrumb\",\"itemListElement\":[{\"@type\":\"ListItem\",\"position\":1,\"name\":\"Accueil\",\"item\":\"https:\\\/\\\/www.smartagents-healthcare.fr\\\/\"},{\"@type\":\"ListItem\",\"position\":2,\"name\":\"Mentions l\u00e9gales\"}]},{\"@type\":\"WebSite\",\"@id\":\"https:\\\/\\\/www.smartagents-healthcare.fr\\\/#website\",\"url\":\"https:\\\/\\\/www.smartagents-healthcare.fr\\\/\",\"name\":\"Smartagents-healthcare\",\"description\":\"\",\"publisher\":{\"@id\":\"https:\\\/\\\/www.smartagents-healthcare.fr\\\/#organization\"},\"potentialAction\":[{\"@type\":\"SearchAction\",\"target\":{\"@type\":\"EntryPoint\",\"urlTemplate\":\"https:\\\/\\\/www.smartagents-healthcare.fr\\\/?s={search_term_string}\"},\"query-input\":{\"@type\":\"PropertyValueSpecification\",\"valueRequired\":true,\"valueName\":\"search_term_string\"}}],\"inLanguage\":\"en-US\"},{\"@type\":\"Organization\",\"@id\":\"https:\\\/\\\/www.smartagents-healthcare.fr\\\/#organization\",\"name\":\"Smartagents-healthcare\",\"url\":\"https:\\\/\\\/www.smartagents-healthcare.fr\\\/\",\"logo\":{\"@type\":\"ImageObject\",\"inLanguage\":\"en-US\",\"@id\":\"https:\\\/\\\/www.smartagents-healthcare.fr\\\/#\\\/schema\\\/logo\\\/image\\\/\",\"url\":\"https:\\\/\\\/www.smartagents-healthcare.fr\\\/wp-content\\\/uploads\\\/2024\\\/04\\\/cropped-Smart-Agents-1.png\",\"contentUrl\":\"https:\\\/\\\/www.smartagents-healthcare.fr\\\/wp-content\\\/uploads\\\/2024\\\/04\\\/cropped-Smart-Agents-1.png\",\"width\":1935,\"height\":323,\"caption\":\"Smartagents-healthcare\"},\"image\":{\"@id\":\"https:\\\/\\\/www.smartagents-healthcare.fr\\\/#\\\/schema\\\/logo\\\/image\\\/\"},\"sameAs\":[\"https:\\\/\\\/fr.linkedin.com\\\/company\\\/smart-agents-healthcare?trk=ppro_cprof\"]}]}<\/script>\n<!-- \/ Yoast SEO plugin. -->","yoast_head_json":{"title":"Legal notices","robots":{"index":"index","follow":"follow","max-snippet":"max-snippet:-1","max-image-preview":"max-image-preview:large","max-video-preview":"max-video-preview:-1"},"canonical":"https:\/\/www.smartagents-healthcare.fr\/en\/legal-notices\/","og_locale":"en_US","og_type":"article","og_title":"Mentions l\u00e9gales","og_description":"Mise \u00e0 jour au&nbsp;19\/04\/\/2024 Conform\u00e9ment aux dispositions des Articles 6-III et 19 de la Loi n\u00b02004-575 du 21 juin 2004 pour la Confiance dans l\u2019\u00e9conomie num\u00e9rique, dite L.C.E.N., il est port\u00e9 \u00e0 la connaissance des Utilisateurs du site\u00a0www.smartagents-healthcare.fr\u00a0les pr\u00e9sentes mentions l\u00e9gales. La connexion et la navigation sur le site smartagents-healthcare l\u2019Utilisateur implique l\u2019acceptation int\u00e9grale et...","og_url":"https:\/\/www.smartagents-healthcare.fr\/en\/legal-notices\/","article_modified_time":"2025-04-22T16:20:21+00:00","twitter_card":"summary_large_image","twitter_misc":{"Est. reading time":"2 minutes"},"schema":{"@context":"https:\/\/schema.org","@graph":[{"@type":"WebPage","@id":"https:\/\/www.smartagents-healthcare.fr\/mentions-legales\/","url":"https:\/\/www.smartagents-healthcare.fr\/mentions-legales\/","name":"Legal notices","isPartOf":{"@id":"https:\/\/www.smartagents-healthcare.fr\/#website"},"datePublished":"2024-04-16T09:15:51+00:00","dateModified":"2025-04-22T16:20:21+00:00","breadcrumb":{"@id":"https:\/\/www.smartagents-healthcare.fr\/mentions-legales\/#breadcrumb"},"inLanguage":"en-US","potentialAction":[{"@type":"ReadAction","target":["https:\/\/www.smartagents-healthcare.fr\/mentions-legales\/"]}]},{"@type":"BreadcrumbList","@id":"https:\/\/www.smartagents-healthcare.fr\/mentions-legales\/#breadcrumb","itemListElement":[{"@type":"ListItem","position":1,"name":"Accueil","item":"https:\/\/www.smartagents-healthcare.fr\/"},{"@type":"ListItem","position":2,"name":"Mentions l\u00e9gales"}]},{"@type":"WebSite","@id":"https:\/\/www.smartagents-healthcare.fr\/#website","url":"https:\/\/www.smartagents-healthcare.fr\/","name":"Smartagents-healthcare","description":"","publisher":{"@id":"https:\/\/www.smartagents-healthcare.fr\/#organization"},"potentialAction":[{"@type":"SearchAction","target":{"@type":"EntryPoint","urlTemplate":"https:\/\/www.smartagents-healthcare.fr\/?s={search_term_string}"},"query-input":{"@type":"PropertyValueSpecification","valueRequired":true,"valueName":"search_term_string"}}],"inLanguage":"en-US"},{"@type":"Organization","@id":"https:\/\/www.smartagents-healthcare.fr\/#organization","name":"Smartagents-healthcare","url":"https:\/\/www.smartagents-healthcare.fr\/","logo":{"@type":"ImageObject","inLanguage":"en-US","@id":"https:\/\/www.smartagents-healthcare.fr\/#\/schema\/logo\/image\/","url":"https:\/\/www.smartagents-healthcare.fr\/wp-content\/uploads\/2024\/04\/cropped-Smart-Agents-1.png","contentUrl":"https:\/\/www.smartagents-healthcare.fr\/wp-content\/uploads\/2024\/04\/cropped-Smart-Agents-1.png","width":1935,"height":323,"caption":"Smartagents-healthcare"},"image":{"@id":"https:\/\/www.smartagents-healthcare.fr\/#\/schema\/logo\/image\/"},"sameAs":["https:\/\/fr.linkedin.com\/company\/smart-agents-healthcare?trk=ppro_cprof"]}]}},"taxonomy_info":[],"featured_image_src_large":false,"author_info":{"display_name":"highgy_admin","author_link":"https:\/\/www.smartagents-healthcare.fr\/en\/author\/highgy_admin\/"},"comment_info":0,"_links":{"self":[{"href":"https:\/\/www.smartagents-healthcare.fr\/en\/wp-json\/wp\/v2\/pages\/312","targetHints":{"allow":["GET"]}}],"collection":[{"href":"https:\/\/www.smartagents-healthcare.fr\/en\/wp-json\/wp\/v2\/pages"}],"about":[{"href":"https:\/\/www.smartagents-healthcare.fr\/en\/wp-json\/wp\/v2\/types\/page"}],"author":[{"embeddable":true,"href":"https:\/\/www.smartagents-healthcare.fr\/en\/wp-json\/wp\/v2\/users\/1"}],"replies":[{"embeddable":true,"href":"https:\/\/www.smartagents-healthcare.fr\/en\/wp-json\/wp\/v2\/comments?post=312"}],"version-history":[{"count":2,"href":"https:\/\/www.smartagents-healthcare.fr\/en\/wp-json\/wp\/v2\/pages\/312\/revisions"}],"predecessor-version":[{"id":3334,"href":"https:\/\/www.smartagents-healthcare.fr\/en\/wp-json\/wp\/v2\/pages\/312\/revisions\/3334"}],"wp:attachment":[{"href":"https:\/\/www.smartagents-healthcare.fr\/en\/wp-json\/wp\/v2\/media?parent=312"}],"curies":[{"name":"wp","href":"https:\/\/api.w.org\/{rel}","templated":true}]}}