{"id":312,"date":"2024-04-16T11:15:51","date_gmt":"2024-04-16T09:15:51","guid":{"rendered":"https:\/\/www.smartagents-healthcare.fr\/?page_id=312"},"modified":"2025-04-22T18:20:21","modified_gmt":"2025-04-22T16:20:21","slug":"avisos-legales","status":"publish","type":"page","link":"https:\/\/www.smartagents-healthcare.fr\/es\/mentions-legales\/","title":{"rendered":"Avisos legales"},"content":{"rendered":"<p class=\"has-theme-palette-2-color has-text-color has-link-color wp-elements-eabac1ef37d28d322ced43d534f8d69d\">Actualizado el&nbsp;<em><strong>19\/04\/\/2024<\/strong><\/em><\/p>\n\n\n\n<p class=\"has-theme-palette-2-color has-text-color has-link-color wp-elements-d025c3f127f9f1f3e3e9b91210c10042\">De conformidad con lo dispuesto en los art\u00edculos 6-III y 19 de la Ley n\u00ba 2004-575 del 21 de junio de 2004 para la Confianza en la Econom\u00eda Digital, conocida como LCEN, se informa a los Usuarios del sitio de lo siguiente:\u00a0<strong><em>www.smartagents-healthcare.fr<\/em><\/strong><em><strong>\u00a0<\/strong><\/em>estos avisos legales.<\/p>\n\n\n\n<p class=\"has-theme-palette-2-color has-text-color has-link-color wp-elements-13bfbc47936fdf1c8d5464da62a65b82\">Al conectarse y navegar por el sitio web de smartagents-healthcare, el Usuario implica la aceptaci\u00f3n plena y sin reservas de estos avisos legales.<\/p>\n\n\n\n<p class=\"has-theme-palette-2-color has-text-color has-link-color wp-elements-4af7db0729f7d1eacda927914a9b2403\">Estos son accesibles en el sitio en la secci\u00f3n \u201cAvisos Legales\u201d.<\/p>\n\n\n\n<h2 class=\"wp-block-heading has-theme-palette-1-color has-text-color has-link-color wp-elements-0b7f4aa29044fb97819b7fbc5db86f25\">ART\u00cdCULO 1: El editor<\/h2>\n\n\n\n<p class=\"has-theme-palette-2-color has-text-color has-link-color wp-elements-0a48f71db3cdff6243e3fdb69a629ff2\">Editando el sitio\u00a0<strong><em>www.smartagents-healthcare.fr<\/em><\/strong><em><strong>\u00a0<\/strong><\/em>es proporcionado por la Compa\u00f1\u00eda<em><strong>\u00a0AGENTES INTELIGENTES FRANCIA<\/strong><\/em>, cuya sede social se encuentra en<em><strong>\u00a0<\/strong><\/em><strong><em>34 Boulevard des Italiens, 75009 Par\u00eds, FRANCIA<\/em><\/strong>, direcci\u00f3n de correo electr\u00f3nico :\u00a0<a href=\"mailto:jonathan.taieb@smart-agents.fr\" target=\"_blank\" rel=\"noreferrer noopener\"><strong><em>jonathan.taieb@smart-agents.fr<\/em><\/strong><\/a><\/p>\n\n\n\n<p class=\"has-theme-palette-2-color has-text-color has-link-color wp-elements-262c33b2672b4eb214c1eb053c6b528f\">El Director de Publicaciones es&nbsp;<em><strong>Oussama Echarif Chefchaouni.<\/strong><\/em><\/p>\n\n\n\n<h2 class=\"wp-block-heading has-theme-palette-1-color has-text-color has-link-color wp-elements-520422484ace932bbdc219df926aa786\">ART\u00cdCULO 2: El anfitri\u00f3n<\/h2>\n\n\n\n<p class=\"has-theme-palette-2-color has-text-color has-link-color wp-elements-6c38893bb36e8139e7c3f1bf7f250484\">El anfitri\u00f3n del sitio\u00a0<strong><em>www.smartagents-healthcare.fr<\/em><\/strong><em><strong>\u00a0<\/strong><\/em>es la empresa\u00a0<em><strong>OVH SAS,\u00a0<\/strong><\/em>cuya sede social se encuentra en Roubaix.<\/p>\n\n\n\n<h2 class=\"wp-block-heading has-theme-palette-1-color has-text-color has-link-color wp-elements-5d0e7c2991f99edccbbec78e4b911b6a\">ART\u00cdCULO 3: Acceso al sitio<\/h2>\n\n\n\n<p class=\"has-theme-palette-2-color has-text-color has-link-color wp-elements-0df16c17078c5f17986600f80166ad6d\">El sitio es accesible desde cualquier ubicaci\u00f3n, los 7 d\u00edas de la semana, las 24 horas del d\u00eda, salvo casos de fuerza mayor, interrupciones programadas o no programadas y que puedan resultar de una necesidad de mantenimiento.<\/p>\n\n\n\n<p class=\"has-theme-palette-2-color has-text-color has-link-color wp-elements-2d459fcaa1d5f943053c1895013aacb0\">En caso de modificaci\u00f3n, interrupci\u00f3n o suspensi\u00f3n de los servicios, el sitio\u00a0<strong><em>www.smartagents-healthcare.fr<\/em><\/strong><em><strong>\u00a0<\/strong><\/em>no se hace responsable<\/p>\n\n\n\n<h2 class=\"wp-block-heading has-theme-palette-1-color has-text-color has-link-color wp-elements-6c2b6c1bab74e5ed7a2e48d7694a0ce2\">ART\u00cdCULO 4: Recopilaci\u00f3n de datos<\/h2>\n\n\n\n<p class=\"has-theme-palette-2-color has-text-color has-link-color wp-elements-ad16237b3b9f5a9ecdc5f7bdc2f45ae7\">El sitio garantiza que el Usuario recopila y procesa la informaci\u00f3n personal respetando la privacidad de acuerdo con la Ley n.\u00ba 78-17 del 6 de enero de 1978 relativa a la inform\u00e1tica, los archivos y las libertades. De conformidad con la Ley de Protecci\u00f3n de Datos del 6 de enero de 1978, el Usuario tiene derecho a acceder, rectificar, suprimir y oponerse a sus datos personales.<\/p>\n\n\n\n<h2 class=\"wp-block-heading has-theme-palette-1-color has-text-color has-link-color wp-elements-84930b1e7e63f5d7d129307005f27614\">ART\u00cdCULO 5: Cookies<\/h2>\n\n\n\n<p class=\"has-theme-palette-2-color has-text-color has-link-color wp-elements-6b83c67c19216d1616f3bb7b3a33a531\">Se informa al Usuario que durante sus visitas al sitio, una cookie puede instalarse autom\u00e1ticamente en su software de navegaci\u00f3n.<\/p>\n\n\n\n<p class=\"has-theme-palette-2-color has-text-color has-link-color wp-elements-730b8bfefe1623049ca2f0fba92f8b98\">Al navegar por el sitio, usted las acepta.<\/p>\n\n\n\n<p class=\"has-theme-palette-2-color has-text-color has-link-color wp-elements-0c6e849e8e6da38dfb3535ea813c545e\">Una cookie es un elemento que no permite identificar al usuario, pero que se utiliza para registrar informaci\u00f3n sobre su navegaci\u00f3n en el sitio web. El usuario puede desactivar esta cookie mediante la configuraci\u00f3n de su navegador.<\/p>\n\n\n\n<h2 class=\"wp-block-heading has-theme-palette-1-color has-text-color has-link-color wp-elements-78127e6088e4b3d74aa86952e49c8912\">ART\u00cdCULO 6: Propiedad intelectual<\/h2>\n\n\n\n<p class=\"has-theme-palette-2-color has-text-color has-link-color wp-elements-7b648f5f32f527317e274f821396a173\">Cualquier uso, reproducci\u00f3n, distribuci\u00f3n, comercializaci\u00f3n, modificaci\u00f3n de todo o parte del sitio\u00a0<strong><em>www.smartagents-healthcare.fr<\/em><\/strong><em><strong>\u00a0<\/strong><\/em>sin la autorizaci\u00f3n del Editor est\u00e1 prohibida y puede dar lugar a acciones legales y persecuciones previstas en el C\u00f3digo de Propiedad Intelectual y el C\u00f3digo Civil.<\/p>","protected":false},"excerpt":{"rendered":"<p>Mise \u00e0 jour au&nbsp;19\/04\/\/2024 Conform\u00e9ment aux dispositions des Articles 6-III et 19 de la Loi n\u00b02004-575 du 21 juin 2004 pour la Confiance dans l\u2019\u00e9conomie num\u00e9rique, dite L.C.E.N., il est port\u00e9 \u00e0 la connaissance des Utilisateurs du site\u00a0www.smartagents-healthcare.fr\u00a0les pr\u00e9sentes mentions l\u00e9gales. La connexion et la navigation sur le site smartagents-healthcare l\u2019Utilisateur implique l\u2019acceptation int\u00e9grale et&#8230;<\/p>","protected":false},"author":1,"featured_media":0,"parent":0,"menu_order":0,"comment_status":"closed","ping_status":"closed","template":"","meta":{"_kad_blocks_custom_css":"","_kad_blocks_head_custom_js":"","_kad_blocks_body_custom_js":"","_kad_blocks_footer_custom_js":"","_monsterinsights_skip_tracking":false,"_monsterinsights_sitenote_active":false,"_monsterinsights_sitenote_note":"","_monsterinsights_sitenote_category":0,"_kadence_starter_templates_imported_post":false,"_kad_post_transparent":"","_kad_post_title":"","_kad_post_layout":"normal","_kad_post_sidebar_id":"","_kad_post_content_style":"boxed","_kad_post_vertical_padding":"hide","_kad_post_feature":"","_kad_post_feature_position":"","_kad_post_header":false,"_kad_post_footer":false,"_kad_post_classname":"","footnotes":""},"class_list":["post-312","page","type-page","status-publish","hentry"],"yoast_head":"<!-- This site is optimized with the Yoast SEO plugin v27.4 - https:\/\/yoast.com\/product\/yoast-seo-wordpress\/ -->\n<title>Mentions l\u00e9gales<\/title>\n<meta name=\"robots\" content=\"index, follow, max-snippet:-1, max-image-preview:large, max-video-preview:-1\" \/>\n<link rel=\"canonical\" href=\"https:\/\/www.smartagents-healthcare.fr\/es\/avisos-legales\/\" \/>\n<meta property=\"og:locale\" content=\"es_ES\" \/>\n<meta property=\"og:type\" content=\"article\" \/>\n<meta property=\"og:title\" content=\"Mentions l\u00e9gales\" \/>\n<meta property=\"og:description\" content=\"Mise \u00e0 jour au&nbsp;19\/04\/\/2024 Conform\u00e9ment aux dispositions des Articles 6-III et 19 de la Loi n\u00b02004-575 du 21 juin 2004 pour la Confiance dans l\u2019\u00e9conomie num\u00e9rique, dite L.C.E.N., il est port\u00e9 \u00e0 la connaissance des Utilisateurs du site\u00a0www.smartagents-healthcare.fr\u00a0les pr\u00e9sentes mentions l\u00e9gales. La connexion et la navigation sur le site smartagents-healthcare l\u2019Utilisateur implique l\u2019acceptation int\u00e9grale et...\" \/>\n<meta property=\"og:url\" content=\"https:\/\/www.smartagents-healthcare.fr\/es\/avisos-legales\/\" \/>\n<meta property=\"article:modified_time\" content=\"2025-04-22T16:20:21+00:00\" \/>\n<meta name=\"twitter:card\" content=\"summary_large_image\" \/>\n<meta name=\"twitter:label1\" content=\"Tiempo de lectura\" \/>\n\t<meta name=\"twitter:data1\" content=\"2 minutos\" \/>\n<script type=\"application\/ld+json\" class=\"yoast-schema-graph\">{\"@context\":\"https:\\\/\\\/schema.org\",\"@graph\":[{\"@type\":\"WebPage\",\"@id\":\"https:\\\/\\\/www.smartagents-healthcare.fr\\\/mentions-legales\\\/\",\"url\":\"https:\\\/\\\/www.smartagents-healthcare.fr\\\/mentions-legales\\\/\",\"name\":\"Mentions l\u00e9gales\",\"isPartOf\":{\"@id\":\"https:\\\/\\\/www.smartagents-healthcare.fr\\\/#website\"},\"datePublished\":\"2024-04-16T09:15:51+00:00\",\"dateModified\":\"2025-04-22T16:20:21+00:00\",\"breadcrumb\":{\"@id\":\"https:\\\/\\\/www.smartagents-healthcare.fr\\\/mentions-legales\\\/#breadcrumb\"},\"inLanguage\":\"es\",\"potentialAction\":[{\"@type\":\"ReadAction\",\"target\":[\"https:\\\/\\\/www.smartagents-healthcare.fr\\\/mentions-legales\\\/\"]}]},{\"@type\":\"BreadcrumbList\",\"@id\":\"https:\\\/\\\/www.smartagents-healthcare.fr\\\/mentions-legales\\\/#breadcrumb\",\"itemListElement\":[{\"@type\":\"ListItem\",\"position\":1,\"name\":\"Accueil\",\"item\":\"https:\\\/\\\/www.smartagents-healthcare.fr\\\/\"},{\"@type\":\"ListItem\",\"position\":2,\"name\":\"Mentions l\u00e9gales\"}]},{\"@type\":\"WebSite\",\"@id\":\"https:\\\/\\\/www.smartagents-healthcare.fr\\\/#website\",\"url\":\"https:\\\/\\\/www.smartagents-healthcare.fr\\\/\",\"name\":\"Smartagents-healthcare\",\"description\":\"\",\"publisher\":{\"@id\":\"https:\\\/\\\/www.smartagents-healthcare.fr\\\/#organization\"},\"potentialAction\":[{\"@type\":\"SearchAction\",\"target\":{\"@type\":\"EntryPoint\",\"urlTemplate\":\"https:\\\/\\\/www.smartagents-healthcare.fr\\\/?s={search_term_string}\"},\"query-input\":{\"@type\":\"PropertyValueSpecification\",\"valueRequired\":true,\"valueName\":\"search_term_string\"}}],\"inLanguage\":\"es\"},{\"@type\":\"Organization\",\"@id\":\"https:\\\/\\\/www.smartagents-healthcare.fr\\\/#organization\",\"name\":\"Smartagents-healthcare\",\"url\":\"https:\\\/\\\/www.smartagents-healthcare.fr\\\/\",\"logo\":{\"@type\":\"ImageObject\",\"inLanguage\":\"es\",\"@id\":\"https:\\\/\\\/www.smartagents-healthcare.fr\\\/#\\\/schema\\\/logo\\\/image\\\/\",\"url\":\"https:\\\/\\\/www.smartagents-healthcare.fr\\\/wp-content\\\/uploads\\\/2024\\\/04\\\/cropped-Smart-Agents-1.png\",\"contentUrl\":\"https:\\\/\\\/www.smartagents-healthcare.fr\\\/wp-content\\\/uploads\\\/2024\\\/04\\\/cropped-Smart-Agents-1.png\",\"width\":1935,\"height\":323,\"caption\":\"Smartagents-healthcare\"},\"image\":{\"@id\":\"https:\\\/\\\/www.smartagents-healthcare.fr\\\/#\\\/schema\\\/logo\\\/image\\\/\"},\"sameAs\":[\"https:\\\/\\\/fr.linkedin.com\\\/company\\\/smart-agents-healthcare?trk=ppro_cprof\"]}]}<\/script>\n<!-- \/ Yoast SEO plugin. -->","yoast_head_json":{"title":"Avisos legales","robots":{"index":"index","follow":"follow","max-snippet":"max-snippet:-1","max-image-preview":"max-image-preview:large","max-video-preview":"max-video-preview:-1"},"canonical":"https:\/\/www.smartagents-healthcare.fr\/es\/avisos-legales\/","og_locale":"es_ES","og_type":"article","og_title":"Mentions l\u00e9gales","og_description":"Mise \u00e0 jour au&nbsp;19\/04\/\/2024 Conform\u00e9ment aux dispositions des Articles 6-III et 19 de la Loi n\u00b02004-575 du 21 juin 2004 pour la Confiance dans l\u2019\u00e9conomie num\u00e9rique, dite L.C.E.N., il est port\u00e9 \u00e0 la connaissance des Utilisateurs du site\u00a0www.smartagents-healthcare.fr\u00a0les pr\u00e9sentes mentions l\u00e9gales. La connexion et la navigation sur le site smartagents-healthcare l\u2019Utilisateur implique l\u2019acceptation int\u00e9grale et...","og_url":"https:\/\/www.smartagents-healthcare.fr\/es\/avisos-legales\/","article_modified_time":"2025-04-22T16:20:21+00:00","twitter_card":"summary_large_image","twitter_misc":{"Tiempo de lectura":"2 minutos"},"schema":{"@context":"https:\/\/schema.org","@graph":[{"@type":"WebPage","@id":"https:\/\/www.smartagents-healthcare.fr\/mentions-legales\/","url":"https:\/\/www.smartagents-healthcare.fr\/mentions-legales\/","name":"Avisos legales","isPartOf":{"@id":"https:\/\/www.smartagents-healthcare.fr\/#website"},"datePublished":"2024-04-16T09:15:51+00:00","dateModified":"2025-04-22T16:20:21+00:00","breadcrumb":{"@id":"https:\/\/www.smartagents-healthcare.fr\/mentions-legales\/#breadcrumb"},"inLanguage":"es","potentialAction":[{"@type":"ReadAction","target":["https:\/\/www.smartagents-healthcare.fr\/mentions-legales\/"]}]},{"@type":"BreadcrumbList","@id":"https:\/\/www.smartagents-healthcare.fr\/mentions-legales\/#breadcrumb","itemListElement":[{"@type":"ListItem","position":1,"name":"Accueil","item":"https:\/\/www.smartagents-healthcare.fr\/"},{"@type":"ListItem","position":2,"name":"Mentions l\u00e9gales"}]},{"@type":"WebSite","@id":"https:\/\/www.smartagents-healthcare.fr\/#website","url":"https:\/\/www.smartagents-healthcare.fr\/","name":"Smartagents-healthcare","description":"","publisher":{"@id":"https:\/\/www.smartagents-healthcare.fr\/#organization"},"potentialAction":[{"@type":"SearchAction","target":{"@type":"EntryPoint","urlTemplate":"https:\/\/www.smartagents-healthcare.fr\/?s={search_term_string}"},"query-input":{"@type":"PropertyValueSpecification","valueRequired":true,"valueName":"search_term_string"}}],"inLanguage":"es"},{"@type":"Organization","@id":"https:\/\/www.smartagents-healthcare.fr\/#organization","name":"Smartagents-healthcare","url":"https:\/\/www.smartagents-healthcare.fr\/","logo":{"@type":"ImageObject","inLanguage":"es","@id":"https:\/\/www.smartagents-healthcare.fr\/#\/schema\/logo\/image\/","url":"https:\/\/www.smartagents-healthcare.fr\/wp-content\/uploads\/2024\/04\/cropped-Smart-Agents-1.png","contentUrl":"https:\/\/www.smartagents-healthcare.fr\/wp-content\/uploads\/2024\/04\/cropped-Smart-Agents-1.png","width":1935,"height":323,"caption":"Smartagents-healthcare"},"image":{"@id":"https:\/\/www.smartagents-healthcare.fr\/#\/schema\/logo\/image\/"},"sameAs":["https:\/\/fr.linkedin.com\/company\/smart-agents-healthcare?trk=ppro_cprof"]}]}},"taxonomy_info":[],"featured_image_src_large":false,"author_info":{"display_name":"highgy_admin","author_link":"https:\/\/www.smartagents-healthcare.fr\/es\/author\/highgy_admin\/"},"comment_info":0,"_links":{"self":[{"href":"https:\/\/www.smartagents-healthcare.fr\/es\/wp-json\/wp\/v2\/pages\/312","targetHints":{"allow":["GET"]}}],"collection":[{"href":"https:\/\/www.smartagents-healthcare.fr\/es\/wp-json\/wp\/v2\/pages"}],"about":[{"href":"https:\/\/www.smartagents-healthcare.fr\/es\/wp-json\/wp\/v2\/types\/page"}],"author":[{"embeddable":true,"href":"https:\/\/www.smartagents-healthcare.fr\/es\/wp-json\/wp\/v2\/users\/1"}],"replies":[{"embeddable":true,"href":"https:\/\/www.smartagents-healthcare.fr\/es\/wp-json\/wp\/v2\/comments?post=312"}],"version-history":[{"count":2,"href":"https:\/\/www.smartagents-healthcare.fr\/es\/wp-json\/wp\/v2\/pages\/312\/revisions"}],"predecessor-version":[{"id":3334,"href":"https:\/\/www.smartagents-healthcare.fr\/es\/wp-json\/wp\/v2\/pages\/312\/revisions\/3334"}],"wp:attachment":[{"href":"https:\/\/www.smartagents-healthcare.fr\/es\/wp-json\/wp\/v2\/media?parent=312"}],"curies":[{"name":"wp","href":"https:\/\/api.w.org\/{rel}","templated":true}]}}